{"id":42,"date":"2026-02-25T17:42:55","date_gmt":"2026-02-25T17:42:55","guid":{"rendered":"https:\/\/juvenicidios.powideas.com\/?page_id=42"},"modified":"2026-04-08T17:37:35","modified_gmt":"2026-04-08T17:37:35","slug":"testimonios","status":"publish","type":"page","link":"https:\/\/juvenicidios.poligran.edu.co\/index.php\/testimonios\/","title":{"rendered":"Relatos de Sobrevivientes"},"content":{"rendered":"\t\t<div data-elementor-type=\"wp-page\" data-elementor-id=\"42\" class=\"elementor elementor-42\" data-elementor-post-type=\"page\">\n\t\t\t\t<div class=\"elementor-element elementor-element-dd98b92 e-con-full e-flex e-con e-parent\" data-id=\"dd98b92\" data-element_type=\"container\" data-e-type=\"container\" data-settings=\"{&quot;background_background&quot;:&quot;classic&quot;}\">\n\t\t\t\t<\/div>\n\t\t<div class=\"elementor-element elementor-element-078db76 e-flex e-con-boxed e-con e-parent\" data-id=\"078db76\" data-element_type=\"container\" data-e-type=\"container\">\n\t\t\t\t\t<div class=\"e-con-inner\">\n\t\t\t\t<div class=\"elementor-element elementor-element-1b5b309 elementor-widget elementor-widget-text-editor\" data-id=\"1b5b309\" data-element_type=\"widget\" data-e-type=\"widget\" data-widget_type=\"text-editor.default\">\n\t\t\t\t\t\t\t\t\t<p>Lorem ipsum dolor sit amet, consectetuer adipiscing elit, sed diam nonummy nibh euismod tincidunt ut laoreet dolore magna aliquam erat volutpat. Ut wisi enim ad minim veniam, quis nostrud exerci tation ullamcorper suscipit lobortis nisl ut aliquip ex ea commodo consequat. Duis autem vel eum iriure dolor in hendrerit in vulputate velit esse molestie consequat, vel illum dolore eu feugiat nulla facilisis at vero eros et accumsan et iusto odio dignissim qui blandit praesent luptatum zzril delenit augue duis dolore te feugait nulla facilisi.<\/p><p>Lorem ipsum dolor sit amet, cons ectetuer adipiscing elit, sed diam nonummy nibh euismod tincidunt ut laoreet dolore magna aliquam erat volutpat. Ut wisi enim ad minim veniam, quis nostrud exerci tation ullamcorper suscipit lobortis nisl ut aliquip ex ea commodo consequat.<br \/>Lorem ipsum dolor sit amet, consectetuer adipiscing elit, sed diam nonummy nibh euismod tincidunt ut laoreet dolore magna aliquam erat volutpat. Ut wisi enim ad minim veniam, quis nostrud exerci tation ullamcorper suscipit lobortis nisl ut aliquip ex ea commodo consequat.<\/p><p>Duis autem vel eum iriure dolor in hendrerit in vulputate velit esse molestie consequat, vel illum dolore eu feugiat nulla facilisis at vero eros et accumsan et iusto odio dignissim qui blandit praesent luptatum zzril delenit augue duis dolore te feugait nulla facilisi.<br \/>Lorem ipsum dolor sit amet, cons ectetuer adipiscing elit, sed diam nonummy nibh<\/p>\t\t\t\t\t\t\t\t<\/div>\n\t\t\t\t\t<\/div>\n\t\t\t\t<\/div>\n\t\t<div class=\"elementor-element elementor-element-920478d e-flex e-con-boxed e-con e-parent\" data-id=\"920478d\" data-element_type=\"container\" data-e-type=\"container\">\n\t\t\t\t\t<div class=\"e-con-inner\">\n\t\t<div class=\"elementor-element elementor-element-533d9bf e-con-full e-flex e-con e-child\" data-id=\"533d9bf\" data-element_type=\"container\" data-e-type=\"container\">\n\t\t\t\t<div class=\"elementor-element elementor-element-57be1e5 elementor-widget-tablet__width-initial elementor-widget elementor-widget-image\" data-id=\"57be1e5\" data-element_type=\"widget\" data-e-type=\"widget\" data-widget_type=\"image.default\">\n\t\t\t\t\t\t\t\t\t\t\t\t\t\t\t<img fetchpriority=\"high\" decoding=\"async\" width=\"800\" height=\"571\" src=\"https:\/\/juvenicidios.poligran.edu.co\/wp-content\/uploads\/2026\/03\/PortadaTestimonio-Juan-1024x731.webp\" class=\"attachment-large size-large wp-image-70\" alt=\"\" srcset=\"https:\/\/juvenicidios.poligran.edu.co\/wp-content\/uploads\/2026\/03\/PortadaTestimonio-Juan-1024x731.webp 1024w, https:\/\/juvenicidios.poligran.edu.co\/wp-content\/uploads\/2026\/03\/PortadaTestimonio-Juan-300x214.webp 300w, https:\/\/juvenicidios.poligran.edu.co\/wp-content\/uploads\/2026\/03\/PortadaTestimonio-Juan-768x549.webp 768w, https:\/\/juvenicidios.poligran.edu.co\/wp-content\/uploads\/2026\/03\/PortadaTestimonio-Juan-1536x1097.webp 1536w, https:\/\/juvenicidios.poligran.edu.co\/wp-content\/uploads\/2026\/03\/PortadaTestimonio-Juan-2048x1463.webp 2048w\" sizes=\"(max-width: 800px) 100vw, 800px\" \/>\t\t\t\t\t\t\t\t\t\t\t\t\t\t\t<\/div>\n\t\t\t\t<\/div>\n\t\t<div class=\"elementor-element elementor-element-ec67c85 e-con-full e-flex e-con e-child\" data-id=\"ec67c85\" data-element_type=\"container\" data-e-type=\"container\">\n\t\t\t\t<div class=\"elementor-element elementor-element-1c2b676 elementor-widget elementor-widget-text-editor\" data-id=\"1c2b676\" data-element_type=\"widget\" data-e-type=\"widget\" data-widget_type=\"text-editor.default\">\n\t\t\t\t\t\t\t\t\t<p>No todos los muertos salen en las noticias. Algunos se quedan en el barrio, en el silencio de la familia, en historias que nadie se atreve a contar. Esta es la de dos j\u00f3venes que crecieron juntos\u2026 y que terminaron siendo parte de una realidad que se repite todos los d\u00edas.<\/p>\t\t\t\t\t\t\t\t<\/div>\n\t\t\t\t<div class=\"elementor-element elementor-element-7f2c44b elementor-align-left elementor-widget elementor-widget-button\" data-id=\"7f2c44b\" data-element_type=\"widget\" data-e-type=\"widget\" data-widget_type=\"button.default\">\n\t\t\t\t\t\t\t\t\t\t<a class=\"elementor-button elementor-button-link elementor-size-sm\" href=\"https:\/\/juvenicidios.poligran.edu.co\/index.php\/los-muertos-que-nadie-reclamo\/\">\n\t\t\t\t\t\t<span class=\"elementor-button-content-wrapper\">\n\t\t\t\t\t\t\t\t\t<span class=\"elementor-button-text\">Leer m\u00e1s<\/span>\n\t\t\t\t\t<\/span>\n\t\t\t\t\t<\/a>\n\t\t\t\t\t\t\t\t<\/div>\n\t\t\t\t<\/div>\n\t\t\t\t\t<\/div>\n\t\t\t\t<\/div>\n\t\t<div class=\"elementor-element elementor-element-4f257fd e-flex e-con-boxed e-con e-parent\" data-id=\"4f257fd\" data-element_type=\"container\" data-e-type=\"container\">\n\t\t\t\t\t<div class=\"e-con-inner\">\n\t\t<div class=\"elementor-element elementor-element-c28c6f0 e-con-full e-flex e-con e-child\" data-id=\"c28c6f0\" data-element_type=\"container\" data-e-type=\"container\">\n\t\t\t\t<div class=\"elementor-element elementor-element-a55a3e5 elementor-widget elementor-widget-text-editor\" data-id=\"a55a3e5\" data-element_type=\"widget\" data-e-type=\"widget\" data-widget_type=\"text-editor.default\">\n\t\t\t\t\t\t\t\t\t<p>No todos entran al microtr\u00e1fico por necesidad. A veces es por curiosidad, por presi\u00f3n\u2026 o simplemente por querer tener lo mismo que los dem\u00e1s. Esta es la historia de Cuervo, un pelado que lo ten\u00eda casi todo, pero igual termin\u00f3 metido en un mundo donde salir no siempre es tan f\u00e1cil.<\/p>\t\t\t\t\t\t\t\t<\/div>\n\t\t\t\t<div class=\"elementor-element elementor-element-a62aa18 elementor-align-right elementor-mobile-align-center elementor-tablet-align-center elementor-widget elementor-widget-button\" data-id=\"a62aa18\" data-element_type=\"widget\" data-e-type=\"widget\" data-widget_type=\"button.default\">\n\t\t\t\t\t\t\t\t\t\t<a class=\"elementor-button elementor-button-link elementor-size-sm\" href=\"https:\/\/juvenicidios.poligran.edu.co\/index.php\/cuervo-entre-el-deseo-la-calle-y-el-rigor\/\">\n\t\t\t\t\t\t<span class=\"elementor-button-content-wrapper\">\n\t\t\t\t\t\t\t\t\t<span class=\"elementor-button-text\">Leer m\u00e1s<\/span>\n\t\t\t\t\t<\/span>\n\t\t\t\t\t<\/a>\n\t\t\t\t\t\t\t\t<\/div>\n\t\t\t\t<\/div>\n\t\t<div class=\"elementor-element elementor-element-dca48f7 e-con-full e-flex e-con e-child\" data-id=\"dca48f7\" data-element_type=\"container\" data-e-type=\"container\">\n\t\t\t\t<div class=\"elementor-element elementor-element-503fe25 elementor-widget elementor-widget-image\" data-id=\"503fe25\" data-element_type=\"widget\" data-e-type=\"widget\" data-widget_type=\"image.default\">\n\t\t\t\t\t\t\t\t\t\t\t\t\t\t\t<img decoding=\"async\" width=\"800\" height=\"571\" src=\"https:\/\/juvenicidios.poligran.edu.co\/wp-content\/uploads\/2026\/03\/PortadaTestimonio-Cuervo-1024x731.webp\" class=\"attachment-large size-large wp-image-69\" alt=\"\" srcset=\"https:\/\/juvenicidios.poligran.edu.co\/wp-content\/uploads\/2026\/03\/PortadaTestimonio-Cuervo-1024x731.webp 1024w, https:\/\/juvenicidios.poligran.edu.co\/wp-content\/uploads\/2026\/03\/PortadaTestimonio-Cuervo-300x214.webp 300w, https:\/\/juvenicidios.poligran.edu.co\/wp-content\/uploads\/2026\/03\/PortadaTestimonio-Cuervo-768x549.webp 768w, https:\/\/juvenicidios.poligran.edu.co\/wp-content\/uploads\/2026\/03\/PortadaTestimonio-Cuervo-1536x1097.webp 1536w, https:\/\/juvenicidios.poligran.edu.co\/wp-content\/uploads\/2026\/03\/PortadaTestimonio-Cuervo-2048x1463.webp 2048w\" sizes=\"(max-width: 800px) 100vw, 800px\" \/>\t\t\t\t\t\t\t\t\t\t\t\t\t\t\t<\/div>\n\t\t\t\t<\/div>\n\t\t\t\t\t<\/div>\n\t\t\t\t<\/div>\n\t\t<div class=\"elementor-element elementor-element-9eef6ff e-flex e-con-boxed e-con e-parent\" data-id=\"9eef6ff\" data-element_type=\"container\" data-e-type=\"container\">\n\t\t\t\t\t<div class=\"e-con-inner\">\n\t\t<div class=\"elementor-element elementor-element-0ab8cf4 e-con-full e-flex e-con e-child\" data-id=\"0ab8cf4\" data-element_type=\"container\" data-e-type=\"container\">\n\t\t\t\t<div class=\"elementor-element elementor-element-a47a2c6 elementor-widget elementor-widget-image\" data-id=\"a47a2c6\" data-element_type=\"widget\" data-e-type=\"widget\" data-widget_type=\"image.default\">\n\t\t\t\t\t\t\t\t\t\t\t\t\t\t\t<img decoding=\"async\" width=\"800\" height=\"571\" src=\"https:\/\/juvenicidios.poligran.edu.co\/wp-content\/uploads\/2026\/03\/PortadaTestimonio-Rappi-1024x731.webp\" class=\"attachment-large size-large wp-image-71\" alt=\"\" srcset=\"https:\/\/juvenicidios.poligran.edu.co\/wp-content\/uploads\/2026\/03\/PortadaTestimonio-Rappi-1024x731.webp 1024w, https:\/\/juvenicidios.poligran.edu.co\/wp-content\/uploads\/2026\/03\/PortadaTestimonio-Rappi-300x214.webp 300w, https:\/\/juvenicidios.poligran.edu.co\/wp-content\/uploads\/2026\/03\/PortadaTestimonio-Rappi-768x549.webp 768w, https:\/\/juvenicidios.poligran.edu.co\/wp-content\/uploads\/2026\/03\/PortadaTestimonio-Rappi-1536x1097.webp 1536w, https:\/\/juvenicidios.poligran.edu.co\/wp-content\/uploads\/2026\/03\/PortadaTestimonio-Rappi-2048x1463.webp 2048w\" sizes=\"(max-width: 800px) 100vw, 800px\" \/>\t\t\t\t\t\t\t\t\t\t\t\t\t\t\t<\/div>\n\t\t\t\t<\/div>\n\t\t<div class=\"elementor-element elementor-element-2058f11 e-con-full e-flex e-con e-child\" data-id=\"2058f11\" data-element_type=\"container\" data-e-type=\"container\">\n\t\t\t\t<div class=\"elementor-element elementor-element-64441bc elementor-widget elementor-widget-text-editor\" data-id=\"64441bc\" data-element_type=\"widget\" data-e-type=\"widget\" data-widget_type=\"text-editor.default\">\n\t\t\t\t\t\t\t\t\t<p>A veces no es una bala la que te cambia la vida, es sobrevivir a ella. Salo lo entendi\u00f3 una tarde cualquiera, cuando estuvo a segundos de morir. Esta es la historia de c\u00f3mo pas\u00f3 de mover droga como si fuera un domicilio\u2026 a buscar una salida antes de que fuera demasiado tarde.<\/p>\t\t\t\t\t\t\t\t<\/div>\n\t\t\t\t<div class=\"elementor-element elementor-element-e376204 elementor-align-left elementor-widget elementor-widget-button\" data-id=\"e376204\" data-element_type=\"widget\" data-e-type=\"widget\" data-widget_type=\"button.default\">\n\t\t\t\t\t\t\t\t\t\t<a class=\"elementor-button elementor-button-link elementor-size-sm\" href=\"https:\/\/juvenicidios.poligran.edu.co\/index.php\/de-rappi-dealer-al-lente\/\">\n\t\t\t\t\t\t<span class=\"elementor-button-content-wrapper\">\n\t\t\t\t\t\t\t\t\t<span class=\"elementor-button-text\">Leer m\u00e1s<\/span>\n\t\t\t\t\t<\/span>\n\t\t\t\t\t<\/a>\n\t\t\t\t\t\t\t\t<\/div>\n\t\t\t\t<\/div>\n\t\t\t\t\t<\/div>\n\t\t\t\t<\/div>\n\t\t<div class=\"elementor-element elementor-element-b67a8ae e-flex e-con-boxed e-con e-parent\" data-id=\"b67a8ae\" data-element_type=\"container\" data-e-type=\"container\">\n\t\t\t\t\t<div class=\"e-con-inner\">\n\t\t<a class=\"elementor-element elementor-element-f6a2f93 e-con-full e-flex e-con e-child\" data-id=\"f6a2f93\" data-element_type=\"container\" data-e-type=\"container\" href=\"https:\/\/juvenicidios.poligran.edu.co\/index.php\/pais-tomado-el-microtrafico\/\">\n\t\t\t\t<div class=\"elementor-element elementor-element-678c5e7 elementor-invisible elementor-widget elementor-widget-image\" data-id=\"678c5e7\" data-element_type=\"widget\" data-e-type=\"widget\" data-settings=\"{&quot;_animation&quot;:&quot;fadeIn&quot;}\" data-widget_type=\"image.default\">\n\t\t\t\t\t\t\t\t\t\t\t\t\t\t\t<img loading=\"lazy\" decoding=\"async\" width=\"800\" height=\"571\" src=\"https:\/\/juvenicidios.poligran.edu.co\/wp-content\/uploads\/2026\/02\/Portada-Capitulo-PaisTomamdo-1024x731.webp\" class=\"elementor-animation-grow attachment-large size-large wp-image-57\" alt=\"\" srcset=\"https:\/\/juvenicidios.poligran.edu.co\/wp-content\/uploads\/2026\/02\/Portada-Capitulo-PaisTomamdo-1024x731.webp 1024w, https:\/\/juvenicidios.poligran.edu.co\/wp-content\/uploads\/2026\/02\/Portada-Capitulo-PaisTomamdo-300x214.webp 300w, https:\/\/juvenicidios.poligran.edu.co\/wp-content\/uploads\/2026\/02\/Portada-Capitulo-PaisTomamdo-768x549.webp 768w, https:\/\/juvenicidios.poligran.edu.co\/wp-content\/uploads\/2026\/02\/Portada-Capitulo-PaisTomamdo-1536x1097.webp 1536w, https:\/\/juvenicidios.poligran.edu.co\/wp-content\/uploads\/2026\/02\/Portada-Capitulo-PaisTomamdo-2048x1463.webp 2048w\" sizes=\"(max-width: 800px) 100vw, 800px\" \/>\t\t\t\t\t\t\t\t\t\t\t\t\t\t\t<\/div>\n\t\t\t\t<\/a>\n\t\t<a class=\"elementor-element elementor-element-0599e52 e-con-full e-flex e-con e-child\" data-id=\"0599e52\" data-element_type=\"container\" data-e-type=\"container\" href=\"https:\/\/juvenicidios.poligran.edu.co\/index.php\/muchas-tumbas-muchos-jovenes\/\">\n\t\t\t\t<div class=\"elementor-element elementor-element-b4a21fa elementor-widget elementor-widget-image\" data-id=\"b4a21fa\" data-element_type=\"widget\" data-e-type=\"widget\" data-widget_type=\"image.default\">\n\t\t\t\t\t\t\t\t\t\t\t\t\t\t\t<img loading=\"lazy\" decoding=\"async\" width=\"800\" height=\"571\" src=\"https:\/\/juvenicidios.poligran.edu.co\/wp-content\/uploads\/2026\/02\/Portada-Capitulo-MuchasTumbas-1024x731.webp\" class=\"elementor-animation-grow attachment-large size-large wp-image-54\" alt=\"\" srcset=\"https:\/\/juvenicidios.poligran.edu.co\/wp-content\/uploads\/2026\/02\/Portada-Capitulo-MuchasTumbas-1024x731.webp 1024w, https:\/\/juvenicidios.poligran.edu.co\/wp-content\/uploads\/2026\/02\/Portada-Capitulo-MuchasTumbas-300x214.webp 300w, https:\/\/juvenicidios.poligran.edu.co\/wp-content\/uploads\/2026\/02\/Portada-Capitulo-MuchasTumbas-768x549.webp 768w, https:\/\/juvenicidios.poligran.edu.co\/wp-content\/uploads\/2026\/02\/Portada-Capitulo-MuchasTumbas-1536x1097.webp 1536w, https:\/\/juvenicidios.poligran.edu.co\/wp-content\/uploads\/2026\/02\/Portada-Capitulo-MuchasTumbas-2048x1463.webp 2048w\" sizes=\"(max-width: 800px) 100vw, 800px\" \/>\t\t\t\t\t\t\t\t\t\t\t\t\t\t\t<\/div>\n\t\t\t\t<\/a>\n\t\t<a class=\"elementor-element elementor-element-c585747 e-con-full e-flex e-con e-child\" data-id=\"c585747\" data-element_type=\"container\" data-e-type=\"container\" href=\"https:\/\/juvenicidios.poligran.edu.co\/index.php\/los-estan-matando-y-el-estad-no-llega\/\">\n\t\t\t\t<div class=\"elementor-element elementor-element-ad78bfb elementor-invisible elementor-widget elementor-widget-image\" data-id=\"ad78bfb\" data-element_type=\"widget\" data-e-type=\"widget\" data-settings=\"{&quot;_animation&quot;:&quot;fadeIn&quot;}\" data-widget_type=\"image.default\">\n\t\t\t\t\t\t\t\t\t\t\t\t\t\t\t<img loading=\"lazy\" decoding=\"async\" width=\"800\" height=\"571\" src=\"https:\/\/juvenicidios.poligran.edu.co\/wp-content\/uploads\/2026\/02\/Portada-Capitulo-LosEstanMatando-1024x731.webp\" class=\"elementor-animation-grow attachment-large size-large wp-image-55\" alt=\"\" srcset=\"https:\/\/juvenicidios.poligran.edu.co\/wp-content\/uploads\/2026\/02\/Portada-Capitulo-LosEstanMatando-1024x731.webp 1024w, https:\/\/juvenicidios.poligran.edu.co\/wp-content\/uploads\/2026\/02\/Portada-Capitulo-LosEstanMatando-300x214.webp 300w, https:\/\/juvenicidios.poligran.edu.co\/wp-content\/uploads\/2026\/02\/Portada-Capitulo-LosEstanMatando-768x549.webp 768w, https:\/\/juvenicidios.poligran.edu.co\/wp-content\/uploads\/2026\/02\/Portada-Capitulo-LosEstanMatando-1536x1097.webp 1536w, https:\/\/juvenicidios.poligran.edu.co\/wp-content\/uploads\/2026\/02\/Portada-Capitulo-LosEstanMatando-2048x1463.webp 2048w\" sizes=\"(max-width: 800px) 100vw, 800px\" \/>\t\t\t\t\t\t\t\t\t\t\t\t\t\t\t<\/div>\n\t\t\t\t<\/a>\n\t\t\t\t\t<\/div>\n\t\t\t\t<\/div>\n\t\t\t\t<\/div>\n\t\t","protected":false},"excerpt":{"rendered":"<p>Lorem ipsum dolor sit amet, consectetuer adipiscing elit, sed diam nonummy nibh euismod tincidunt ut laoreet dolore magna aliquam erat volutpat. Ut wisi enim ad minim veniam, quis nostrud exerci tation ullamcorper suscipit lobortis nisl ut aliquip ex ea commodo consequat. Duis autem vel eum iriure dolor in hendrerit in vulputate velit esse molestie consequat, [&hellip;]<\/p>\n","protected":false},"author":2,"featured_media":0,"parent":0,"menu_order":0,"comment_status":"closed","ping_status":"closed","template":"","meta":{"footnotes":""},"class_list":["post-42","page","type-page","status-publish","hentry"],"_links":{"self":[{"href":"https:\/\/juvenicidios.poligran.edu.co\/index.php\/wp-json\/wp\/v2\/pages\/42","targetHints":{"allow":["GET"]}}],"collection":[{"href":"https:\/\/juvenicidios.poligran.edu.co\/index.php\/wp-json\/wp\/v2\/pages"}],"about":[{"href":"https:\/\/juvenicidios.poligran.edu.co\/index.php\/wp-json\/wp\/v2\/types\/page"}],"author":[{"embeddable":true,"href":"https:\/\/juvenicidios.poligran.edu.co\/index.php\/wp-json\/wp\/v2\/users\/2"}],"replies":[{"embeddable":true,"href":"https:\/\/juvenicidios.poligran.edu.co\/index.php\/wp-json\/wp\/v2\/comments?post=42"}],"version-history":[{"count":62,"href":"https:\/\/juvenicidios.poligran.edu.co\/index.php\/wp-json\/wp\/v2\/pages\/42\/revisions"}],"predecessor-version":[{"id":419,"href":"https:\/\/juvenicidios.poligran.edu.co\/index.php\/wp-json\/wp\/v2\/pages\/42\/revisions\/419"}],"wp:attachment":[{"href":"https:\/\/juvenicidios.poligran.edu.co\/index.php\/wp-json\/wp\/v2\/media?parent=42"}],"curies":[{"name":"wp","href":"https:\/\/api.w.org\/{rel}","templated":true}]}}