{"id":342,"date":"2026-03-25T15:17:52","date_gmt":"2026-03-25T15:17:52","guid":{"rendered":"https:\/\/juvenicidios.powideas.com\/?page_id=342"},"modified":"2026-03-25T17:47:07","modified_gmt":"2026-03-25T17:47:07","slug":"creditos","status":"publish","type":"page","link":"https:\/\/juvenicidios.poligran.edu.co\/index.php\/creditos\/","title":{"rendered":"Cr\u00e9ditos"},"content":{"rendered":"\t\t<div data-elementor-type=\"wp-page\" data-elementor-id=\"342\" class=\"elementor elementor-342\" data-elementor-post-type=\"page\">\n\t\t\t\t<div class=\"elementor-element elementor-element-24d7a50 e-flex e-con-boxed e-con e-parent\" data-id=\"24d7a50\" data-element_type=\"container\" data-e-type=\"container\">\n\t\t\t\t\t<div class=\"e-con-inner\">\n\t\t\t\t<div class=\"elementor-element elementor-element-faf5e2e elementor-widget elementor-widget-heading\" data-id=\"faf5e2e\" data-element_type=\"widget\" data-e-type=\"widget\" data-widget_type=\"heading.default\">\n\t\t\t\t\t<h2 class=\"elementor-heading-title elementor-size-default\">Cr\u00e9ditos<\/h2>\t\t\t\t<\/div>\n\t\t\t\t\t<\/div>\n\t\t\t\t<\/div>\n\t\t<div class=\"elementor-element elementor-element-4ef1cf7 e-flex e-con-boxed e-con e-parent\" data-id=\"4ef1cf7\" data-element_type=\"container\" data-e-type=\"container\">\n\t\t\t\t\t<div class=\"e-con-inner\">\n\t\t\t\t<div class=\"elementor-element elementor-element-971fe95 elementor-widget elementor-widget-heading\" data-id=\"971fe95\" data-element_type=\"widget\" data-e-type=\"widget\" data-widget_type=\"heading.default\">\n\t\t\t\t\t<h2 class=\"elementor-heading-title elementor-size-default\">Direcci\u00f3n General<\/h2>\t\t\t\t<\/div>\n\t\t\t\t<div class=\"elementor-element elementor-element-1e78b18 elementor-widget elementor-widget-text-editor\" data-id=\"1e78b18\" data-element_type=\"widget\" data-e-type=\"widget\" data-widget_type=\"text-editor.default\">\n\t\t\t\t\t\t\t\t\t<p>Juliana Castellanos D\u00edaz<\/p>\t\t\t\t\t\t\t\t<\/div>\n\t\t\t\t\t<\/div>\n\t\t\t\t<\/div>\n\t\t<div class=\"elementor-element elementor-element-f1a3fc1 e-flex e-con-boxed e-con e-parent\" data-id=\"f1a3fc1\" data-element_type=\"container\" data-e-type=\"container\">\n\t\t\t\t\t<div class=\"e-con-inner\">\n\t\t\t\t<div class=\"elementor-element elementor-element-6ca6623 elementor-widget elementor-widget-heading\" data-id=\"6ca6623\" data-element_type=\"widget\" data-e-type=\"widget\" data-widget_type=\"heading.default\">\n\t\t\t\t\t<h2 class=\"elementor-heading-title elementor-size-default\">Periodistas<\/h2>\t\t\t\t<\/div>\n\t\t\t\t<div class=\"elementor-element elementor-element-039f513 elementor-widget elementor-widget-text-editor\" data-id=\"039f513\" data-element_type=\"widget\" data-e-type=\"widget\" data-widget_type=\"text-editor.default\">\n\t\t\t\t\t\t\t\t\t<p>Sof\u00eda Jim\u00e9nez Beltr\u00e1n<\/p><p>Natalia Valderrama Vanegas<\/p><p>Juliana Paez Sarmiento<\/p><p>Zamoel Guzm\u00e1n Ruiz<\/p><p>Duvan Alonso Espinel<\/p><p>Ashly Quiroga Ortiz<\/p><p>Valeria Parra Acu\u00f1a<\/p>\t\t\t\t\t\t\t\t<\/div>\n\t\t\t\t\t<\/div>\n\t\t\t\t<\/div>\n\t\t<div class=\"elementor-element elementor-element-c52ac72 e-flex e-con-boxed e-con e-parent\" data-id=\"c52ac72\" data-element_type=\"container\" data-e-type=\"container\">\n\t\t\t\t\t<div class=\"e-con-inner\">\n\t\t\t\t<div class=\"elementor-element elementor-element-03f8ca6 elementor-widget elementor-widget-heading\" data-id=\"03f8ca6\" data-element_type=\"widget\" data-e-type=\"widget\" data-widget_type=\"heading.default\">\n\t\t\t\t\t<h2 class=\"elementor-heading-title elementor-size-default\">Dise\u00f1adores<\/h2>\t\t\t\t<\/div>\n\t\t\t\t<div class=\"elementor-element elementor-element-b063ace elementor-widget elementor-widget-text-editor\" data-id=\"b063ace\" data-element_type=\"widget\" data-e-type=\"widget\" data-widget_type=\"text-editor.default\">\n\t\t\t\t\t\t\t\t\t<p>Juliana Valderrama Gonz\u00e1lez<\/p><p>Leidy Tatiana Castillo Romero<\/p>\t\t\t\t\t\t\t\t<\/div>\n\t\t\t\t\t<\/div>\n\t\t\t\t<\/div>\n\t\t<div class=\"elementor-element elementor-element-b956503 e-flex e-con-boxed e-con e-parent\" data-id=\"b956503\" data-element_type=\"container\" data-e-type=\"container\">\n\t\t\t\t\t<div class=\"e-con-inner\">\n\t\t\t\t<div class=\"elementor-element elementor-element-9837658 elementor-widget elementor-widget-heading\" data-id=\"9837658\" data-element_type=\"widget\" data-e-type=\"widget\" data-widget_type=\"heading.default\">\n\t\t\t\t\t<h2 class=\"elementor-heading-title elementor-size-default\">Montaje web<\/h2>\t\t\t\t<\/div>\n\t\t\t\t<div class=\"elementor-element elementor-element-01532c0 elementor-widget elementor-widget-text-editor\" data-id=\"01532c0\" data-element_type=\"widget\" data-e-type=\"widget\" data-widget_type=\"text-editor.default\">\n\t\t\t\t\t\t\t\t\t<p>Leidy Tatiana Castillo Romero<\/p>\t\t\t\t\t\t\t\t<\/div>\n\t\t\t\t\t<\/div>\n\t\t\t\t<\/div>\n\t\t<div class=\"elementor-element elementor-element-d62f687 e-flex e-con-boxed e-con e-parent\" data-id=\"d62f687\" data-element_type=\"container\" data-e-type=\"container\">\n\t\t\t\t\t<div class=\"e-con-inner\">\n\t\t\t\t<div class=\"elementor-element elementor-element-f10cee1 elementor-widget elementor-widget-heading\" data-id=\"f10cee1\" data-element_type=\"widget\" data-e-type=\"widget\" data-widget_type=\"heading.default\">\n\t\t\t\t\t<h2 class=\"elementor-heading-title elementor-size-default\">Realizadoras Audiovisuales<\/h2>\t\t\t\t<\/div>\n\t\t\t\t<div class=\"elementor-element elementor-element-8b0ee95 elementor-widget elementor-widget-text-editor\" data-id=\"8b0ee95\" data-element_type=\"widget\" data-e-type=\"widget\" data-widget_type=\"text-editor.default\">\n\t\t\t\t\t\t\t\t\t<p>Natalia Valderrama Vanegas<\/p><p>Mar\u00eda Paula Bocanegra Rond\u00f3n<\/p>\t\t\t\t\t\t\t\t<\/div>\n\t\t\t\t\t<\/div>\n\t\t\t\t<\/div>\n\t\t<div class=\"elementor-element elementor-element-bad91cd e-flex e-con-boxed e-con e-parent\" data-id=\"bad91cd\" data-element_type=\"container\" data-e-type=\"container\">\n\t\t\t\t\t<div class=\"e-con-inner\">\n\t\t\t\t<div class=\"elementor-element elementor-element-010bfaa elementor-widget elementor-widget-heading\" data-id=\"010bfaa\" data-element_type=\"widget\" data-e-type=\"widget\" data-widget_type=\"heading.default\">\n\t\t\t\t\t<h2 class=\"elementor-heading-title elementor-size-default\">Colaboradores<\/h2>\t\t\t\t<\/div>\n\t\t\t\t<div class=\"elementor-element elementor-element-f013b69 elementor-widget elementor-widget-text-editor\" data-id=\"f013b69\" data-element_type=\"widget\" data-e-type=\"widget\" data-widget_type=\"text-editor.default\">\n\t\t\t\t\t\t\t\t\t<p>Andres David Aponte<\/p><p>Valeria Chabur Martinez<\/p><p>Federico Romero Charry<\/p><p>Lina Daniela G\u00f3mez Ariza<\/p><p>Isabella Morales Rodr\u00edguez<\/p><p>Isabel Sof\u00eda Cuesta Contreras<\/p><p>Juanita Mar\u00eda Moreno L\u00f3pez<\/p>\t\t\t\t\t\t\t\t<\/div>\n\t\t\t\t\t<\/div>\n\t\t\t\t<\/div>\n\t\t\t\t<\/div>\n\t\t","protected":false},"excerpt":{"rendered":"<p>Cr\u00e9ditos Direcci\u00f3n General Juliana Castellanos D\u00edaz Periodistas Sof\u00eda Jim\u00e9nez Beltr\u00e1n Natalia Valderrama Vanegas Juliana Paez Sarmiento Zamoel Guzm\u00e1n Ruiz Duvan Alonso Espinel Ashly Quiroga Ortiz Valeria Parra Acu\u00f1a Dise\u00f1adores Juliana Valderrama Gonz\u00e1lez Leidy Tatiana Castillo Romero Montaje web Leidy Tatiana Castillo Romero Realizadoras Audiovisuales Natalia Valderrama Vanegas Mar\u00eda Paula Bocanegra Rond\u00f3n Colaboradores Andres David Aponte [&hellip;]<\/p>\n","protected":false},"author":2,"featured_media":0,"parent":0,"menu_order":0,"comment_status":"closed","ping_status":"closed","template":"","meta":{"footnotes":""},"class_list":["post-342","page","type-page","status-publish","hentry"],"_links":{"self":[{"href":"https:\/\/juvenicidios.poligran.edu.co\/index.php\/wp-json\/wp\/v2\/pages\/342","targetHints":{"allow":["GET"]}}],"collection":[{"href":"https:\/\/juvenicidios.poligran.edu.co\/index.php\/wp-json\/wp\/v2\/pages"}],"about":[{"href":"https:\/\/juvenicidios.poligran.edu.co\/index.php\/wp-json\/wp\/v2\/types\/page"}],"author":[{"embeddable":true,"href":"https:\/\/juvenicidios.poligran.edu.co\/index.php\/wp-json\/wp\/v2\/users\/2"}],"replies":[{"embeddable":true,"href":"https:\/\/juvenicidios.poligran.edu.co\/index.php\/wp-json\/wp\/v2\/comments?post=342"}],"version-history":[{"count":22,"href":"https:\/\/juvenicidios.poligran.edu.co\/index.php\/wp-json\/wp\/v2\/pages\/342\/revisions"}],"predecessor-version":[{"id":379,"href":"https:\/\/juvenicidios.poligran.edu.co\/index.php\/wp-json\/wp\/v2\/pages\/342\/revisions\/379"}],"wp:attachment":[{"href":"https:\/\/juvenicidios.poligran.edu.co\/index.php\/wp-json\/wp\/v2\/media?parent=342"}],"curies":[{"name":"wp","href":"https:\/\/api.w.org\/{rel}","templated":true}]}}